{"id":1201,"date":"2022-09-05T17:25:55","date_gmt":"2022-09-05T15:25:55","guid":{"rendered":"https:\/\/pljis.com\/?page_id=1201"},"modified":"2023-04-20T12:11:05","modified_gmt":"2023-04-20T10:11:05","slug":"cookie-policy","status":"publish","type":"page","link":"https:\/\/pljis.com\/en\/cookie-policy\/","title":{"rendered":"Cookie Policy"},"content":{"rendered":"<p><\/p>\n\n\n\n<p class=\"has-text-align-center\"><\/p>\n\n\n\n<h2 class=\"wp-block-heading has-text-align-center\">politika kola\u010di\u0107a<\/h2>\n\n\n\n<p class=\"has-text-align-left\"><\/p>\n\n\n\n<p>Kao i ve\u0107ina sajtova na internetu i ovaj Sajt koristi tzv.kola\u010di\u0107e (u nastavku : &#8222;Cookie&#8220; , &#8222;Cookies&#8220;).Cookies su mali tekstualni fajlovi koje va\u0161 internet pregleda\u010d(u nastavku : browser) \u010duva na va\u0161em ra\u010dunaru i koji poma\u017eu da se identifikujete na Sajtu prilikom kasnijih poseta.Ako posetite na\u0161u stranicu za prijavu, mi \u0107emo postaviti privremeni Cookie da bismo utvrdili da li va\u0161 pretra\u017eiva\u010d prihvata Cookies. Ovaj Cookie ne sadr\u017ei li\u010dne podatke i odbacuje se kada zatvorite pretra\u017eiva\u010d.Kada se prijavite, tako\u0111e \u0107emo postaviti nekoliko Cookie-a da bismo sa\u010duvali va\u0161e podatke za prijavu i izbor prikaza na ekranu. Cookies za prijavu traju dva dana, a Cookies sa opcijama ekrana traju godinu dana. Ako izaberete \u201eZapamti me\u201c, va\u0161a prijava \u0107e trajati dve nedelje. Ako se odjavite sa svog naloga, Cookies za prijavu \u0107e biti uklonjeni.Cookies su jedinstveno dodeljeni Vama i mo\u017ee ih \u010ditati samo web server u domenu koji je izdao taj Cookie.Kori\u0161\u0107enje Cookies-a je standardna praksa na Internetu i ve\u0107ina browser-a je pode\u0161ena tako da automatski prihvata sve Cookies-e.Me\u0111utim, Vi uvek mo\u017eete odlu\u010diti da \u017eelite da prestanete da ih koristite.Mo\u017eete ih jednostavno ru\u010dno obrisati ili svoj browser posebno podesiti za rad sa Cookies-ima.Za ove procedure pogledajte dokumentaciju ili help\/pomo\u0107 sekciju Va\u0161eg browser-a.Na Sajtu koristimo Cookies isklju\u010divo kako bismo Vam omogu\u0107ili bolji kvalitet interakcije sa Sajtom,za potrebe statisti\u010dke analize pose\u0107enosti i optimizaciju na\u0161eg ogla\u0161avanja na internetu preko servisa Google Analytics i Google Ads.Detalji o ovim servisima kao i o mogu\u0107nostima Va\u0161eg pode\u0161avanja se mogu pogledati na slede\u0107im linkovima : <\/p>\n\n\n\n<ul class=\"wp-block-list\">\n<li>www.google.com\/analytics\/learn\/privacy.html<\/li>\n\n\n\n<li>www.google.com\/intl\/en\/policies\/technologies\/ads\/<\/li>\n\n\n\n<li>www.google.com\/ads\/preferences<\/li>\n\n\n\n<li>https:\/\/policies.google.com\/technologies\/cookies?hl=en-US<\/li>\n<\/ul>\n\n\n\n<pre class=\"wp-block-preformatted\"><\/pre>","protected":false},"excerpt":{"rendered":"<p>politika kola\u010di\u0107a Kao i ve\u0107ina sajtova na internetu i ovaj Sajt koristi tzv.kola\u010di\u0107e (u nastavku : &#8222;Cookie&#8220; , &#8222;Cookies&#8220;).Cookies su mali tekstualni fajlovi koje va\u0161 internet pregleda\u010d(u nastavku : browser) \u010duva na va\u0161em ra\u010dunaru i koji poma\u017eu da se identifikujete na Sajtu prilikom kasnijih poseta.Ako posetite na\u0161u stranicu za prijavu, mi \u0107emo postaviti privremeni Cookie [&hellip;]<\/p>\n","protected":false},"author":1,"featured_media":0,"parent":0,"menu_order":0,"comment_status":"closed","ping_status":"closed","template":"","meta":{"site-sidebar-layout":"default","site-content-layout":"","ast-site-content-layout":"default","site-content-style":"default","site-sidebar-style":"default","ast-global-header-display":"","ast-banner-title-visibility":"","ast-main-header-display":"","ast-hfb-above-header-display":"","ast-hfb-below-header-display":"","ast-hfb-mobile-header-display":"","site-post-title":"","ast-breadcrumbs-content":"","ast-featured-img":"","footer-sml-layout":"","ast-disable-related-posts":"","theme-transparent-header-meta":"","adv-header-id-meta":"","stick-header-meta":"","header-above-stick-meta":"","header-main-stick-meta":"","header-below-stick-meta":"","astra-migrate-meta-layouts":"default","ast-page-background-enabled":"default","ast-page-background-meta":{"desktop":{"background-color":"","background-image":"","background-repeat":"repeat","background-position":"center center","background-size":"auto","background-attachment":"scroll","background-type":"","background-media":"","overlay-type":"","overlay-color":"","overlay-opacity":"","overlay-gradient":""},"tablet":{"background-color":"","background-image":"","background-repeat":"repeat","background-position":"center center","background-size":"auto","background-attachment":"scroll","background-type":"","background-media":"","overlay-type":"","overlay-color":"","overlay-opacity":"","overlay-gradient":""},"mobile":{"background-color":"","background-image":"","background-repeat":"repeat","background-position":"center center","background-size":"auto","background-attachment":"scroll","background-type":"","background-media":"","overlay-type":"","overlay-color":"","overlay-opacity":"","overlay-gradient":""}},"ast-content-background-meta":{"desktop":{"background-color":"var(--ast-global-color-5)","background-image":"","background-repeat":"repeat","background-position":"center center","background-size":"auto","background-attachment":"scroll","background-type":"","background-media":"","overlay-type":"","overlay-color":"","overlay-opacity":"","overlay-gradient":""},"tablet":{"background-color":"var(--ast-global-color-5)","background-image":"","background-repeat":"repeat","background-position":"center center","background-size":"auto","background-attachment":"scroll","background-type":"","background-media":"","overlay-type":"","overlay-color":"","overlay-opacity":"","overlay-gradient":""},"mobile":{"background-color":"var(--ast-global-color-5)","background-image":"","background-repeat":"repeat","background-position":"center center","background-size":"auto","background-attachment":"scroll","background-type":"","background-media":"","overlay-type":"","overlay-color":"","overlay-opacity":"","overlay-gradient":""}},"footnotes":""},"class_list":["post-1201","page","type-page","status-publish","hentry"],"yoast_head":"<!-- This site is optimized with the Yoast SEO plugin v27.4 - https:\/\/yoast.com\/product\/yoast-seo-wordpress\/ -->\n<title>Cookie Policy - PLJIS<\/title>\n<meta name=\"robots\" content=\"index, follow, max-snippet:-1, max-image-preview:large, max-video-preview:-1\" \/>\n<link rel=\"canonical\" href=\"https:\/\/pljis.com\/en\/cookie-policy\/\" \/>\n<meta property=\"og:locale\" content=\"en_US\" \/>\n<meta property=\"og:type\" content=\"article\" \/>\n<meta property=\"og:title\" content=\"Cookie Policy - PLJIS\" \/>\n<meta property=\"og:description\" content=\"politika kola\u010di\u0107a Kao i ve\u0107ina sajtova na internetu i ovaj Sajt koristi tzv.kola\u010di\u0107e (u nastavku : &#8222;Cookie&#8220; , &#8222;Cookies&#8220;).Cookies su mali tekstualni fajlovi koje va\u0161 internet pregleda\u010d(u nastavku : browser) \u010duva na va\u0161em ra\u010dunaru i koji poma\u017eu da se identifikujete na Sajtu prilikom kasnijih poseta.Ako posetite na\u0161u stranicu za prijavu, mi \u0107emo postaviti privremeni Cookie [&hellip;]\" \/>\n<meta property=\"og:url\" content=\"https:\/\/pljis.com\/en\/cookie-policy\/\" \/>\n<meta property=\"og:site_name\" content=\"PLJIS\" \/>\n<meta property=\"article:modified_time\" content=\"2023-04-20T10:11:05+00:00\" \/>\n<meta name=\"twitter:card\" content=\"summary_large_image\" \/>\n<meta name=\"twitter:label1\" content=\"Est. reading time\" \/>\n\t<meta name=\"twitter:data1\" content=\"2 minutes\" \/>\n<script type=\"application\/ld+json\" class=\"yoast-schema-graph\">{\"@context\":\"https:\\\/\\\/schema.org\",\"@graph\":[{\"@type\":\"WebPage\",\"@id\":\"https:\\\/\\\/pljis.com\\\/cookie-policy\\\/\",\"url\":\"https:\\\/\\\/pljis.com\\\/cookie-policy\\\/\",\"name\":\"Cookie Policy - PLJIS\",\"isPartOf\":{\"@id\":\"https:\\\/\\\/pljis.com\\\/#website\"},\"datePublished\":\"2022-09-05T15:25:55+00:00\",\"dateModified\":\"2023-04-20T10:11:05+00:00\",\"breadcrumb\":{\"@id\":\"https:\\\/\\\/pljis.com\\\/cookie-policy\\\/#breadcrumb\"},\"inLanguage\":\"en-US\",\"potentialAction\":[{\"@type\":\"ReadAction\",\"target\":[\"https:\\\/\\\/pljis.com\\\/cookie-policy\\\/\"]}]},{\"@type\":\"BreadcrumbList\",\"@id\":\"https:\\\/\\\/pljis.com\\\/cookie-policy\\\/#breadcrumb\",\"itemListElement\":[{\"@type\":\"ListItem\",\"position\":1,\"name\":\"Home\",\"item\":\"https:\\\/\\\/pljis.com\\\/\"},{\"@type\":\"ListItem\",\"position\":2,\"name\":\"Cookie Policy\"}]},{\"@type\":\"WebSite\",\"@id\":\"https:\\\/\\\/pljis.com\\\/#website\",\"url\":\"https:\\\/\\\/pljis.com\\\/\",\"name\":\"PLJIS\",\"description\":\"My WordPress Blog\",\"publisher\":{\"@id\":\"https:\\\/\\\/pljis.com\\\/#organization\"},\"potentialAction\":[{\"@type\":\"SearchAction\",\"target\":{\"@type\":\"EntryPoint\",\"urlTemplate\":\"https:\\\/\\\/pljis.com\\\/?s={search_term_string}\"},\"query-input\":{\"@type\":\"PropertyValueSpecification\",\"valueRequired\":true,\"valueName\":\"search_term_string\"}}],\"inLanguage\":\"en-US\"},{\"@type\":\"Organization\",\"@id\":\"https:\\\/\\\/pljis.com\\\/#organization\",\"name\":\"PLJIS\",\"url\":\"https:\\\/\\\/pljis.com\\\/\",\"logo\":{\"@type\":\"ImageObject\",\"inLanguage\":\"en-US\",\"@id\":\"https:\\\/\\\/pljis.com\\\/#\\\/schema\\\/logo\\\/image\\\/\",\"url\":\"https:\\\/\\\/pljis.com\\\/wp-content\\\/uploads\\\/2022\\\/09\\\/cropped-logo1.png\",\"contentUrl\":\"https:\\\/\\\/pljis.com\\\/wp-content\\\/uploads\\\/2022\\\/09\\\/cropped-logo1.png\",\"width\":305,\"height\":73,\"caption\":\"PLJIS\"},\"image\":{\"@id\":\"https:\\\/\\\/pljis.com\\\/#\\\/schema\\\/logo\\\/image\\\/\"}}]}<\/script>\n<!-- \/ Yoast SEO plugin. -->","yoast_head_json":{"title":"Cookie Policy - PLJIS","robots":{"index":"index","follow":"follow","max-snippet":"max-snippet:-1","max-image-preview":"max-image-preview:large","max-video-preview":"max-video-preview:-1"},"canonical":"https:\/\/pljis.com\/en\/cookie-policy\/","og_locale":"en_US","og_type":"article","og_title":"Cookie Policy - PLJIS","og_description":"politika kola\u010di\u0107a Kao i ve\u0107ina sajtova na internetu i ovaj Sajt koristi tzv.kola\u010di\u0107e (u nastavku : &#8222;Cookie&#8220; , &#8222;Cookies&#8220;).Cookies su mali tekstualni fajlovi koje va\u0161 internet pregleda\u010d(u nastavku : browser) \u010duva na va\u0161em ra\u010dunaru i koji poma\u017eu da se identifikujete na Sajtu prilikom kasnijih poseta.Ako posetite na\u0161u stranicu za prijavu, mi \u0107emo postaviti privremeni Cookie [&hellip;]","og_url":"https:\/\/pljis.com\/en\/cookie-policy\/","og_site_name":"PLJIS","article_modified_time":"2023-04-20T10:11:05+00:00","twitter_card":"summary_large_image","twitter_misc":{"Est. reading time":"2 minutes"},"schema":{"@context":"https:\/\/schema.org","@graph":[{"@type":"WebPage","@id":"https:\/\/pljis.com\/cookie-policy\/","url":"https:\/\/pljis.com\/cookie-policy\/","name":"Cookie Policy - PLJIS","isPartOf":{"@id":"https:\/\/pljis.com\/#website"},"datePublished":"2022-09-05T15:25:55+00:00","dateModified":"2023-04-20T10:11:05+00:00","breadcrumb":{"@id":"https:\/\/pljis.com\/cookie-policy\/#breadcrumb"},"inLanguage":"en-US","potentialAction":[{"@type":"ReadAction","target":["https:\/\/pljis.com\/cookie-policy\/"]}]},{"@type":"BreadcrumbList","@id":"https:\/\/pljis.com\/cookie-policy\/#breadcrumb","itemListElement":[{"@type":"ListItem","position":1,"name":"Home","item":"https:\/\/pljis.com\/"},{"@type":"ListItem","position":2,"name":"Cookie Policy"}]},{"@type":"WebSite","@id":"https:\/\/pljis.com\/#website","url":"https:\/\/pljis.com\/","name":"PLJIS","description":"My WordPress Blog","publisher":{"@id":"https:\/\/pljis.com\/#organization"},"potentialAction":[{"@type":"SearchAction","target":{"@type":"EntryPoint","urlTemplate":"https:\/\/pljis.com\/?s={search_term_string}"},"query-input":{"@type":"PropertyValueSpecification","valueRequired":true,"valueName":"search_term_string"}}],"inLanguage":"en-US"},{"@type":"Organization","@id":"https:\/\/pljis.com\/#organization","name":"PLJIS","url":"https:\/\/pljis.com\/","logo":{"@type":"ImageObject","inLanguage":"en-US","@id":"https:\/\/pljis.com\/#\/schema\/logo\/image\/","url":"https:\/\/pljis.com\/wp-content\/uploads\/2022\/09\/cropped-logo1.png","contentUrl":"https:\/\/pljis.com\/wp-content\/uploads\/2022\/09\/cropped-logo1.png","width":305,"height":73,"caption":"PLJIS"},"image":{"@id":"https:\/\/pljis.com\/#\/schema\/logo\/image\/"}}]}},"_links":{"self":[{"href":"https:\/\/pljis.com\/en\/wp-json\/wp\/v2\/pages\/1201","targetHints":{"allow":["GET"]}}],"collection":[{"href":"https:\/\/pljis.com\/en\/wp-json\/wp\/v2\/pages"}],"about":[{"href":"https:\/\/pljis.com\/en\/wp-json\/wp\/v2\/types\/page"}],"author":[{"embeddable":true,"href":"https:\/\/pljis.com\/en\/wp-json\/wp\/v2\/users\/1"}],"replies":[{"embeddable":true,"href":"https:\/\/pljis.com\/en\/wp-json\/wp\/v2\/comments?post=1201"}],"version-history":[{"count":7,"href":"https:\/\/pljis.com\/en\/wp-json\/wp\/v2\/pages\/1201\/revisions"}],"predecessor-version":[{"id":1824,"href":"https:\/\/pljis.com\/en\/wp-json\/wp\/v2\/pages\/1201\/revisions\/1824"}],"wp:attachment":[{"href":"https:\/\/pljis.com\/en\/wp-json\/wp\/v2\/media?parent=1201"}],"curies":[{"name":"wp","href":"https:\/\/api.w.org\/{rel}","templated":true}]}}