{"id":1228,"date":"2022-09-06T10:52:51","date_gmt":"2022-09-06T08:52:51","guid":{"rendered":"https:\/\/pljis.com\/?page_id=1228"},"modified":"2024-05-15T11:18:41","modified_gmt":"2024-05-15T09:18:41","slug":"terms-of-use","status":"publish","type":"page","link":"https:\/\/pljis.com\/en\/terms-of-use\/","title":{"rendered":"Terms of use"},"content":{"rendered":"<h1 class=\"wp-block-heading has-text-align-center\">USLOVI KORI\u0160\u0106ENJA<\/h1>\n\n\n\n<p>OP\u0160TI USLOVI<\/p>\n\n\n\n<p>Ovim Uslovima kori\u0161\u0107enja se ure\u0111uju prava i obaveze izme\u0111u Korisnika(&#8222;korisnici&#8220;, &#8222;Vi&#8220;) i Vlasnika(&#8222;PLJIS&#8220;, &#8222;mi&#8220;)  internet sajta  i usluge koji se nalaze na  url adresi: https:\/\/pljis.com(u daljem tekstu: Sajt).Vlasnik Sajta i usluge je : <\/p>\n\n\n\n<ul class=\"wp-block-list\">\n<li> pun naziv pravnog subjekta : Dragan Mi\u0161kovi\u0107 preduzetnik PLJIS<\/li>\n\n\n\n<li>adresa : K.Petra Prvog 32,15356 Metkovi\u0107<\/li>\n\n\n\n<li>delatnost i \u0161ifra delatnosti : Izdavanje \u010dasopisa i periodi\u010dnih izdanja , \u0161ifra : 5814<\/li>\n\n\n\n<li>mati\u010dni broj : 66643484<\/li>\n\n\n\n<li>poreski broj : 113192104<\/li>\n\n\n\n<li>web adresa : www.pljis.com<\/li>\n\n\n\n<li>kontakt telefon : +381 63 1651886<\/li>\n\n\n\n<li>kontakt e-mail : support@pljis.com<\/li>\n<\/ul>\n\n\n\n<p>Korisnik je svako ko delimi\u010dno ili u potpunosti koristi Sajt.Delimi\u010dnim ili potpunim kori\u0161\u0107enjem Sajta i usluge potvr\u0111ujete da ste pro\u010ditali,razumeli i prihvatili ove Uslove kori\u0161\u0107enja i saglasni ste da ste pravno obavezani njima,obavezni da ih po\u0161tujete,kao i sve druge primenljive zakone i propise.Ako niste saglasni sa ovim Uslovima kori\u0161\u0107enja,nemojte koristiti Sajt.Uslovi kori\u0161\u0107enja mogu biti izmenjeni bez prethodne najave,pa je neophodno povremeno pose\u0107ivati ovu stranicu,radi uvida u izmen<\/p>\n\n\n\n<p>VLASNI\u0160TVO SADR\u017dAJA<\/p>\n\n\n\n<p>Sajt,usluga i svi tekstovi,logotipi,grafika,slike audio materijal,video materijal i ostali materijal na ovom sajtu (u daljem tekstu:Sadr\u017eaj),jesu autorsko pravo PLJIS-a, ili su na internet sajt postavjljeni uz dozvolu vlasnika ili ovla\u0161\u0107enog nosioca prava.Celokupan sadr\u017eaj korisnicima se nudi isklju\u010divo na Sajtu i samo za li\u010dnu,nekomercijalnu upotrebu i u informativne svrhe.PLJIS ne dozvoljava menjanje sadr\u017eaja,niti njegovo kopiranje,skladi\u0161tenje ,prikazivanje i deljenje sa drugima,ni na koji na\u010din,ni u komercijalne svrhe ni besplatno.Kori\u0161\u0107enje Sadr\u017eaja,osim na na\u010din opisan u ovim Uslovima kori\u0161\u0107enja je strogo zabranjeno.<\/p>\n\n\n\n<p>REGISTRACIJA <\/p>\n\n\n\n<p>Pristupom sajtu vi postajete korisnik Sajta.Sve dok ne kupite paket Pretplate , mo\u017eete potpuno besplatno pratiti deo sadr\u017eaja,koji je dovoljan da se uverite u kvalitet i vrednost ostatka sadr\u017eaja i donesete odluku o kupovini pretplate za pra\u0107enje sadr\u017eaja u celini.<\/p>\n\n\n\n<p>Da bi kupili paket Pretplate morate se registrovati kao korisnik na Sajtu.Potrebno je da registrujete svoj nalog na sajtu(\u201eNalog\u201c),tako \u0161to \u0107ete izabrati opciju NALOG iz menija i potom \u0107ete biti preusmereni na stranicu za registraciju i prijavu na sajt.Kada se registrujete,mo\u017eete da se prijavite na Sajt i ure\u0111ujete svoj nalog, ali i dalje mo\u017eete  pratiti samo deo sadr\u017eaja,kao i neregistrovani korisnici.<\/p>\n\n\n\n<p>Ovi uslovi kori\u0161\u0107enja se primenjuju bez obzira da li ste korisnik koji je registrovao nalog ili neregistrovani korisnik.<\/p>\n\n\n\n<p>Da biste otvorili nalog, od vas \u0107e biti zatra\u017eeno da nam dostavite svoju e-mail adresu.<\/p>\n\n\n\n<p>Potom \u0107e vam na e-mail adresu sti\u0107i obave\u0161tenje da vam je nalog kreiran i link koji vas vodi na sajt,na stranu gde treba da postavite svoju lozinku.<\/p>\n\n\n\n<p>Molimo vas da se uverite da su informacije koje dostavite sajtu pri i po registraciji i u svakom drugom trenutku istinite, ta\u010dne, aktuelne i potpune.<\/p>\n\n\n\n<p>Vi ste isklju\u010divo odgovorni za odr\u017eavanje poverljivosti naloga, lozinke i ograni\u010davanja pristupa ra\u010dunaru. Ako dozvolite drugima da koriste va\u0161e akreditive naloga, pristajete na ove Uslove kori\u0161\u0107enja u ime svih drugih osoba koje koriste sajt pod va\u0161im nalogom i lozinkom, a vi ste odgovorni za sve aktivnosti koje se de\u0161avaju pod va\u0161im nalogom ili lozinkom.<\/p>\n\n\n\n<p>Registracijom naloga, sla\u017eete se da ste jedino vi odgovorni za sigurnost va\u0161eg naloga i lozinke i da prihvatate sve rizike od neovla\u0161\u0107enog pristupa va\u0161em nalogu,kao i da odmah dostavite obave\u0161tenje ukoliko otkrijete ili sumnjate da je do\u0161lo do povreda bezbednosti u vezi sa kori\u0161\u0107enjem sajta.<\/p>\n\n\n\n<p>Korisnik  mo\u017ee u svakom trenutku da obri\u0161e  svoje podatke. U tom slu\u010daju prestaju sve njegove usluge koje ima kod nas i svi podaci koje imamo bi\u0107e potpuno obrisani.Ako Vam pretplata nije istekla,a obri\u0161ete svoj korisni\u010dki nalog sa podacima i ponovo napravite nalog sa istim podacima ,ta pretplata Vam ne\u0107e va\u017eiti za taj nalog,tj. mora\u0107ete ponovo da kupite pretplatu.<\/p>\n\n\n\n<p>OPIS  USLUGE ,PLA\u0106ANJE I DOSTAVA<\/p>\n\n\n\n<p>Kada se prijavite na svoj nalog na sajtu,pla\u0107ate naknadu od 300 rsd za 7 dana kori\u0161\u0107enja usluge.Virtuelni je proizvod i nosi naziv : Nedeljna preplata.Kupovina i pla\u0107anje Pretplate vr\u0161i se putem interneta, platnim karticama DINA,VISA, Maestro, MasterCard ili American Express koje podr\u017eavaju pla\u0107anje preko Interneta.U postupku kupovine se kupcu na e-mail \u0161alje dokument\/potrvrda kojim se realizuje usluga.Va\u0161 ugovor o kupovini Pretplate i kori\u0161\u0107enju sadr\u017eaja je kompletiran kada na Va\u0161u e-mail adresu dobijete potvrdu o uspe\u0161nom pla\u0107anju i fiskalni ra\u010dun. Kada kupite paket Pretplate,vi postajete Premium korisnik i tada mo\u017eete da pratite ceo sadr\u017eaj Sajta koji je namenjen Premium korisnicima,svo vreme dok vam traje paket Pretplate.Va\u0161a pretplata se ne obnavlja automatski.<\/p>\n\n\n\n<p>ZA\u0160TITA POVERLJIVIH PODATAKA O TRANSAKCIJI<\/p>\n\n\n\n<p>Prilikom uno\u0161enja podataka o platnoj kartici, poverljive informacija se prenose putem javne mre\u017ee u za\u0161ti\u0107enoj (kriptovanoj) formi upotrebom SSL protokola i PKI sistema, kao trenutno najsavremenije kriptografske tehnologije.<br>Sigurnost podataka prilikom kupovine, garantuje procesor platnih kartica, Banca Intesa ad Beograd, pa se tako kompletni proces naplate obavlja na stranicama banke. Niti jednog trenutka podaci o platnoj kartici nisu dostupni na\u0161em sistemu.<\/p>\n\n\n\n<p>IZJAVA O PDV-u<\/p>\n\n\n\n<p>PLJIS nije obveznik PDV-a<\/p>\n\n\n\n<p>IZJAVA O KONVERZIJI<\/p>\n\n\n\n<p class=\"has-text-align-left\">\u2018All payments will be effected in Serbian currency \u2013 dinar (RSD). The amount your creditcard account will be charged for is obtained through the conversion of the price in Euro into Serbian dinar according to the current exchange rate of the Serbian National Bank.When charging your credit card, the same amount is converted into your local currency according to the exchange rate of credit card associations. As a result of this conversion there is a possibility of a slight difference from the original price stated in our web site\u2019.<\/p>\n\n\n\n<p><br>&#8216;Sva pla\u0107anja bi\u0107e izvr\u0161ena u lokalnoj valuti Republike Srbije \u2013 dinar (RSD).Za informativni prikaz cena u drugim valutama koristi se srednji kurs Narodne Banke Srbije.Iznos za koji \u0107e biti zadu\u017eena Va\u0161a platna kartica bi\u0107e izra\u017een u Va\u0161oj lokalnoj valuti kroz konverziju u istu po kursu koji koriste karti\u010darske organizacije, a koji nama u trenutku transakcije ne mo\u017ee biti poznat. Kao rezultat ove konverzije postoji mogu\u0107nost neznatne razlike od originalne cene navedene na na\u0161em sajtu.&#8217;<\/p>\n\n\n\n<p>REKLAMACIJE I POVRA\u0106AJ NOVCA<\/p>\n\n\n\n<p>Povra\u0107aj novca nije mogu\u0107.Svim korisnicama se daje deo sadr\u017eaja bez prethodne uplate,kako bi se uverili u kvalitet sadr\u017eaja,stoga povra\u0107aj novca nije mogu\u0107.<\/p>\n\n\n\n<p>Reklamacije nisu uobi\u010dajne a mogu se pokrenuti u slu\u010daju zloupotrebe kartice, eventualno razloga vi\u0161e sile.<\/p>\n\n\n\n<p>Molimo Vas da nam se obratite na e-mail : support@pljis.com ,a Va\u0161u reklamaciju \u0107emo re\u0161iti u drektnoj komunikaciji u najkra\u0107em roku.&nbsp;<\/p>\n\n\n\n<p>U slu\u010daju da  postoji opravdan razlog,povra\u0107aj sredstava kupcu koji je prethodno platio nekom od platnih kartica, delimi\u010dno ili u celosti, a bez obzira na razlog vra\u0107anja, PLJIS  je u obavezi da povra\u0107aj vr\u0161i isklju\u010divo preko VISA, EC\/MC, Maestro, Amex i Dina metoda pla\u0107anja, \u0161to zna\u010di da \u0107e banka na zahtev prodavca obaviti povra\u0107aj sredstava na ra\u010dun korisnika kartice.<\/p>\n\n\n\n<p>ODRICANJE OD GARANCIJA I OGRANI\u010cENJE ODGOVORNOSTI<\/p>\n\n\n\n<p>Usluga,Sad\u017eaj i funkcionisanje Sajta  pru\u017eaju se &nbsp;\u201e<em>onakvi kakvi jesu<\/em>\u201c i \u201e<em>onako kako su dostupni\u201c<\/em>,a sve garancije,izri\u010dite ili implicitne, ovim se isklju\u010duju.<\/p>\n\n\n\n<p>Sadr\u017eaj sajta se pru\u017ea na srpskom jeiku,pismo latinica.Prilikom automatskog prevoda stranice mo\u017ee do\u0107i do gre\u0161ke tako da prevedeni sadr\u017eaj mo\u017ee da bude i neistinit ili bez smisla.PLJIS ne mo\u017ee biti odgovaran za to.<\/p>\n\n\n\n<p>PLJIS ne mo\u017ee  garantovati kontinuitet u radu sajta-korisnici se sla\u017eu da ne\u0107e od PLJIS-a tra\u017eiti nadoknadu \u0161tete ako do\u0111e do prekida ili usporenog rada Sajta usled preoptere\u0107enosti,tehni\u010dkih ili drugih problema koji su vezani za  Dobavlja\u010da internet usluga i kompaniju koja hostuje Sajt .   <\/p>\n\n\n\n<p>Korisnici su izri\u010dito saglasni da Sajt i uslugu koriste na sopstveni rizik i da PLJIS nije odgovoran za materijalnu ili nematerijalnu \u0161tetu,direktnu ili indirektnu koja nastane iz kori\u0161\u0107enja ili je u nekoj vezi sa kori\u0161\u0107enjem usluge ili Sajta ili njegovog sadr\u017eaja.<\/p>\n\n\n\n<p>  RE\u0160AVANJE SPOROVA<\/p>\n\n\n\n<p>Eventualni sporovi \u0107e se prvo poku\u0161ati re\u0161iti dogovorom,u duhu dobre poslovne saradnje.Ako to nije mogu\u0107e,svi sporovi \u0107e se re\u0161avati po materijalnom i procesnom pravu Republike Srbije i nadle\u017ean je sud u Beogradu,Republika Srbija.<\/p>\n\n\n\n<p>Poslednji put izmenjeno 24.02.2023.<\/p>","protected":false},"excerpt":{"rendered":"<p>USLOVI KORI\u0160\u0106ENJA OP\u0160TI USLOVI Ovim Uslovima kori\u0161\u0107enja se ure\u0111uju prava i obaveze izme\u0111u Korisnika(&#8222;korisnici&#8220;, &#8222;Vi&#8220;) i Vlasnika(&#8222;PLJIS&#8220;, &#8222;mi&#8220;) internet sajta i usluge koji se nalaze na url adresi: https:\/\/pljis.com(u daljem tekstu: Sajt).Vlasnik Sajta i usluge je : Korisnik je svako ko delimi\u010dno ili u potpunosti koristi Sajt.Delimi\u010dnim ili potpunim kori\u0161\u0107enjem Sajta i usluge potvr\u0111ujete da [&hellip;]<\/p>\n","protected":false},"author":1,"featured_media":0,"parent":0,"menu_order":0,"comment_status":"closed","ping_status":"closed","template":"","meta":{"site-sidebar-layout":"default","site-content-layout":"","ast-site-content-layout":"default","site-content-style":"default","site-sidebar-style":"default","ast-global-header-display":"","ast-banner-title-visibility":"","ast-main-header-display":"","ast-hfb-above-header-display":"","ast-hfb-below-header-display":"","ast-hfb-mobile-header-display":"","site-post-title":"","ast-breadcrumbs-content":"","ast-featured-img":"","footer-sml-layout":"","ast-disable-related-posts":"","theme-transparent-header-meta":"","adv-header-id-meta":"","stick-header-meta":"","header-above-stick-meta":"","header-main-stick-meta":"","header-below-stick-meta":"","astra-migrate-meta-layouts":"set","ast-page-background-enabled":"default","ast-page-background-meta":{"desktop":{"background-color":"","background-image":"","background-repeat":"repeat","background-position":"center center","background-size":"auto","background-attachment":"scroll","background-type":"","background-media":"","overlay-type":"","overlay-color":"","overlay-opacity":"","overlay-gradient":""},"tablet":{"background-color":"","background-image":"","background-repeat":"repeat","background-position":"center center","background-size":"auto","background-attachment":"scroll","background-type":"","background-media":"","overlay-type":"","overlay-color":"","overlay-opacity":"","overlay-gradient":""},"mobile":{"background-color":"","background-image":"","background-repeat":"repeat","background-position":"center center","background-size":"auto","background-attachment":"scroll","background-type":"","background-media":"","overlay-type":"","overlay-color":"","overlay-opacity":"","overlay-gradient":""}},"ast-content-background-meta":{"desktop":{"background-color":"var(--ast-global-color-5)","background-image":"","background-repeat":"repeat","background-position":"center center","background-size":"auto","background-attachment":"scroll","background-type":"","background-media":"","overlay-type":"","overlay-color":"","overlay-opacity":"","overlay-gradient":""},"tablet":{"background-color":"var(--ast-global-color-5)","background-image":"","background-repeat":"repeat","background-position":"center center","background-size":"auto","background-attachment":"scroll","background-type":"","background-media":"","overlay-type":"","overlay-color":"","overlay-opacity":"","overlay-gradient":""},"mobile":{"background-color":"var(--ast-global-color-5)","background-image":"","background-repeat":"repeat","background-position":"center center","background-size":"auto","background-attachment":"scroll","background-type":"","background-media":"","overlay-type":"","overlay-color":"","overlay-opacity":"","overlay-gradient":""}},"footnotes":""},"class_list":["post-1228","page","type-page","status-publish","hentry"],"yoast_head":"<!-- This site is optimized with the Yoast SEO plugin v27.4 - https:\/\/yoast.com\/product\/yoast-seo-wordpress\/ -->\n<title>Terms of use - PLJIS<\/title>\n<meta name=\"robots\" content=\"index, follow, max-snippet:-1, max-image-preview:large, max-video-preview:-1\" \/>\n<link rel=\"canonical\" href=\"https:\/\/pljis.com\/en\/terms-of-use\/\" \/>\n<meta property=\"og:locale\" content=\"en_US\" \/>\n<meta property=\"og:type\" content=\"article\" \/>\n<meta property=\"og:title\" content=\"Terms of use - PLJIS\" \/>\n<meta property=\"og:description\" content=\"USLOVI KORI\u0160\u0106ENJA OP\u0160TI USLOVI Ovim Uslovima kori\u0161\u0107enja se ure\u0111uju prava i obaveze izme\u0111u Korisnika(&#8222;korisnici&#8220;, &#8222;Vi&#8220;) i Vlasnika(&#8222;PLJIS&#8220;, &#8222;mi&#8220;) internet sajta i usluge koji se nalaze na url adresi: https:\/\/pljis.com(u daljem tekstu: Sajt).Vlasnik Sajta i usluge je : Korisnik je svako ko delimi\u010dno ili u potpunosti koristi Sajt.Delimi\u010dnim ili potpunim kori\u0161\u0107enjem Sajta i usluge potvr\u0111ujete da [&hellip;]\" \/>\n<meta property=\"og:url\" content=\"https:\/\/pljis.com\/en\/terms-of-use\/\" \/>\n<meta property=\"og:site_name\" content=\"PLJIS\" \/>\n<meta property=\"article:modified_time\" content=\"2024-05-15T09:18:41+00:00\" \/>\n<meta name=\"twitter:card\" content=\"summary_large_image\" \/>\n<meta name=\"twitter:label1\" content=\"Est. reading time\" \/>\n\t<meta name=\"twitter:data1\" content=\"7 minutes\" \/>\n<script type=\"application\/ld+json\" class=\"yoast-schema-graph\">{\"@context\":\"https:\\\/\\\/schema.org\",\"@graph\":[{\"@type\":\"WebPage\",\"@id\":\"https:\\\/\\\/pljis.com\\\/terms-of-use\\\/\",\"url\":\"https:\\\/\\\/pljis.com\\\/terms-of-use\\\/\",\"name\":\"Terms of use - PLJIS\",\"isPartOf\":{\"@id\":\"https:\\\/\\\/pljis.com\\\/#website\"},\"datePublished\":\"2022-09-06T08:52:51+00:00\",\"dateModified\":\"2024-05-15T09:18:41+00:00\",\"breadcrumb\":{\"@id\":\"https:\\\/\\\/pljis.com\\\/terms-of-use\\\/#breadcrumb\"},\"inLanguage\":\"en-US\",\"potentialAction\":[{\"@type\":\"ReadAction\",\"target\":[\"https:\\\/\\\/pljis.com\\\/terms-of-use\\\/\"]}]},{\"@type\":\"BreadcrumbList\",\"@id\":\"https:\\\/\\\/pljis.com\\\/terms-of-use\\\/#breadcrumb\",\"itemListElement\":[{\"@type\":\"ListItem\",\"position\":1,\"name\":\"Home\",\"item\":\"https:\\\/\\\/pljis.com\\\/\"},{\"@type\":\"ListItem\",\"position\":2,\"name\":\"Terms of use\"}]},{\"@type\":\"WebSite\",\"@id\":\"https:\\\/\\\/pljis.com\\\/#website\",\"url\":\"https:\\\/\\\/pljis.com\\\/\",\"name\":\"PLJIS\",\"description\":\"My WordPress Blog\",\"publisher\":{\"@id\":\"https:\\\/\\\/pljis.com\\\/#organization\"},\"potentialAction\":[{\"@type\":\"SearchAction\",\"target\":{\"@type\":\"EntryPoint\",\"urlTemplate\":\"https:\\\/\\\/pljis.com\\\/?s={search_term_string}\"},\"query-input\":{\"@type\":\"PropertyValueSpecification\",\"valueRequired\":true,\"valueName\":\"search_term_string\"}}],\"inLanguage\":\"en-US\"},{\"@type\":\"Organization\",\"@id\":\"https:\\\/\\\/pljis.com\\\/#organization\",\"name\":\"PLJIS\",\"url\":\"https:\\\/\\\/pljis.com\\\/\",\"logo\":{\"@type\":\"ImageObject\",\"inLanguage\":\"en-US\",\"@id\":\"https:\\\/\\\/pljis.com\\\/#\\\/schema\\\/logo\\\/image\\\/\",\"url\":\"https:\\\/\\\/pljis.com\\\/wp-content\\\/uploads\\\/2022\\\/09\\\/cropped-logo1.png\",\"contentUrl\":\"https:\\\/\\\/pljis.com\\\/wp-content\\\/uploads\\\/2022\\\/09\\\/cropped-logo1.png\",\"width\":305,\"height\":73,\"caption\":\"PLJIS\"},\"image\":{\"@id\":\"https:\\\/\\\/pljis.com\\\/#\\\/schema\\\/logo\\\/image\\\/\"}}]}<\/script>\n<!-- \/ Yoast SEO plugin. -->","yoast_head_json":{"title":"Terms of use - PLJIS","robots":{"index":"index","follow":"follow","max-snippet":"max-snippet:-1","max-image-preview":"max-image-preview:large","max-video-preview":"max-video-preview:-1"},"canonical":"https:\/\/pljis.com\/en\/terms-of-use\/","og_locale":"en_US","og_type":"article","og_title":"Terms of use - PLJIS","og_description":"USLOVI KORI\u0160\u0106ENJA OP\u0160TI USLOVI Ovim Uslovima kori\u0161\u0107enja se ure\u0111uju prava i obaveze izme\u0111u Korisnika(&#8222;korisnici&#8220;, &#8222;Vi&#8220;) i Vlasnika(&#8222;PLJIS&#8220;, &#8222;mi&#8220;) internet sajta i usluge koji se nalaze na url adresi: https:\/\/pljis.com(u daljem tekstu: Sajt).Vlasnik Sajta i usluge je : Korisnik je svako ko delimi\u010dno ili u potpunosti koristi Sajt.Delimi\u010dnim ili potpunim kori\u0161\u0107enjem Sajta i usluge potvr\u0111ujete da [&hellip;]","og_url":"https:\/\/pljis.com\/en\/terms-of-use\/","og_site_name":"PLJIS","article_modified_time":"2024-05-15T09:18:41+00:00","twitter_card":"summary_large_image","twitter_misc":{"Est. reading time":"7 minutes"},"schema":{"@context":"https:\/\/schema.org","@graph":[{"@type":"WebPage","@id":"https:\/\/pljis.com\/terms-of-use\/","url":"https:\/\/pljis.com\/terms-of-use\/","name":"Terms of use - PLJIS","isPartOf":{"@id":"https:\/\/pljis.com\/#website"},"datePublished":"2022-09-06T08:52:51+00:00","dateModified":"2024-05-15T09:18:41+00:00","breadcrumb":{"@id":"https:\/\/pljis.com\/terms-of-use\/#breadcrumb"},"inLanguage":"en-US","potentialAction":[{"@type":"ReadAction","target":["https:\/\/pljis.com\/terms-of-use\/"]}]},{"@type":"BreadcrumbList","@id":"https:\/\/pljis.com\/terms-of-use\/#breadcrumb","itemListElement":[{"@type":"ListItem","position":1,"name":"Home","item":"https:\/\/pljis.com\/"},{"@type":"ListItem","position":2,"name":"Terms of use"}]},{"@type":"WebSite","@id":"https:\/\/pljis.com\/#website","url":"https:\/\/pljis.com\/","name":"PLJIS","description":"My WordPress Blog","publisher":{"@id":"https:\/\/pljis.com\/#organization"},"potentialAction":[{"@type":"SearchAction","target":{"@type":"EntryPoint","urlTemplate":"https:\/\/pljis.com\/?s={search_term_string}"},"query-input":{"@type":"PropertyValueSpecification","valueRequired":true,"valueName":"search_term_string"}}],"inLanguage":"en-US"},{"@type":"Organization","@id":"https:\/\/pljis.com\/#organization","name":"PLJIS","url":"https:\/\/pljis.com\/","logo":{"@type":"ImageObject","inLanguage":"en-US","@id":"https:\/\/pljis.com\/#\/schema\/logo\/image\/","url":"https:\/\/pljis.com\/wp-content\/uploads\/2022\/09\/cropped-logo1.png","contentUrl":"https:\/\/pljis.com\/wp-content\/uploads\/2022\/09\/cropped-logo1.png","width":305,"height":73,"caption":"PLJIS"},"image":{"@id":"https:\/\/pljis.com\/#\/schema\/logo\/image\/"}}]}},"_links":{"self":[{"href":"https:\/\/pljis.com\/en\/wp-json\/wp\/v2\/pages\/1228","targetHints":{"allow":["GET"]}}],"collection":[{"href":"https:\/\/pljis.com\/en\/wp-json\/wp\/v2\/pages"}],"about":[{"href":"https:\/\/pljis.com\/en\/wp-json\/wp\/v2\/types\/page"}],"author":[{"embeddable":true,"href":"https:\/\/pljis.com\/en\/wp-json\/wp\/v2\/users\/1"}],"replies":[{"embeddable":true,"href":"https:\/\/pljis.com\/en\/wp-json\/wp\/v2\/comments?post=1228"}],"version-history":[{"count":18,"href":"https:\/\/pljis.com\/en\/wp-json\/wp\/v2\/pages\/1228\/revisions"}],"predecessor-version":[{"id":2402,"href":"https:\/\/pljis.com\/en\/wp-json\/wp\/v2\/pages\/1228\/revisions\/2402"}],"wp:attachment":[{"href":"https:\/\/pljis.com\/en\/wp-json\/wp\/v2\/media?parent=1228"}],"curies":[{"name":"wp","href":"https:\/\/api.w.org\/{rel}","templated":true}]}}