{"id":2279,"date":"2023-11-05T11:57:53","date_gmt":"2023-11-05T10:57:53","guid":{"rendered":"https:\/\/pljis.com\/?page_id=2279"},"modified":"2023-11-06T00:05:22","modified_gmt":"2023-11-05T23:05:22","slug":"nem","status":"publish","type":"page","link":"https:\/\/pljis.com\/en\/nem\/","title":{"rendered":"nem"},"content":{"rendered":"<h2>Eine Politik, die Frieden in der Ukraine,Gazastreifen und auf der ganzen Welt bringt<\/h2>\n\n\n<br \/>\nSeit der Ver\u00f6ffentlichung des Artikels \u00fcber die Erfindungen, die alle Kriege stoppen werden, versuche ich die ganze Zeit, den Pr\u00e4sidenten Russlands und der Ukraine die Nachricht zu \u00fcbermitteln, dass es ein Friedensabkommen gibt, mit dem beide Seiten zufrieden sein werden.<br \/>\nDiese Nachricht erreicht sie jedoch entweder nicht oder sie ignorieren sie.<br \/>\nMit kleinen \u00c4nderungen kann dieses Abkommen Konflikte im Kosovo und in Metohija und \u00fcberall sonst beenden.<br \/>\nIn Anbetracht der Tatsache, dass es eine S\u00fcnde ist, keine zus\u00e4tzlichen Anstrengungen zu unternehmen, um Kriege zu stoppen, und gleichzeitig im Glauben, dass jeder \u201eseinen N\u00e4chsten lieben kann wie sich selbst\u201c und im Glauben an die universellen Werte Freiheit, Gleichheit und Solidarit\u00e4t, habe ich mich dazu entschieden gr\u00fcndete eine politische Partei \u201eOrthodoxe Liebe und Freiheit\u201c \u2013 abgek\u00fcrzt PLJIS.<br \/>\nLiebe Mitb\u00fcrger auf der ganzen Welt,<br \/>\nJeder, der diese Website abonniert, wird eingeladen, an der Gr\u00fcndung der PLJIS-Partei in seinem Land teilzunehmen.<br \/>\nPLJIS hat ein klares und hehres Ziel: alle Kriege und Pandemien zu stoppen und Weltfrieden und Wohlergehen zu erreichen.<br \/>\nUm dieses Ziel zu erreichen, stehen mir Erfindungen zur Verf\u00fcgung, die bereits vorgestellt wurden und auf dieser Website vorgestellt werden.<br \/>\nDank dieser Erfindungen wird in jedem Staat, in dem die PLJIS an die Macht kommt, das monatliche Mindestgehalt 3.000 US-Dollar betragen und es wird Arbeit f\u00fcr alle geben \u2013 zun\u00e4chst gilt dies nur f\u00fcr Mitglieder der PLJIS-Partei, sp\u00e4ter f\u00fcr alle anderen B\u00fcrger.<br \/>\n&nbsp;<\/p>\n<p>Mehr dazu weiter unten\u2026<\/p>\n<p>&nbsp;<\/p>\n<h3 style=\"text-align: center;\"><span style=\"color: #ff0000;\">Der folgende Inhalt ist nur f\u00fcr Premium-Mitglieder verf\u00fcgbar. Um Premium-Mitglied zu werden, w\u00e4hlen Sie das angebotene Paket.<\/span><\/h3>\n<p>&nbsp;<\/p>\n<div style=\"width: 80%; text-align: center;\">\n<div class=\"hero-image\">\n<div class=\"hero-text\">\n<h1 style=\"font-size: 50px;\">Monatliches Abonnement<\/h1>\n<h3>350,00 RSD<\/h3>\n<p><button onclick=\"window.location.href='https:\/\/pljis.com\/membership-plans\/';\">KAUFEN<\/button><\/p>\n<\/div>\n<\/div>\n<\/div>\n<p>\n\n\n\n<p>Vorherigen Post                                                                                                                                                                                                  N\u00e4chster Beitrag<\/p>","protected":false},"excerpt":{"rendered":"<p>Eine Politik, die Frieden in der Ukraine,Gazastreifen und auf der ganzen Welt bringt Vorherigen Post N\u00e4chster Beitrag<\/p>","protected":false},"author":1,"featured_media":0,"parent":0,"menu_order":0,"comment_status":"closed","ping_status":"closed","template":"","meta":{"site-sidebar-layout":"default","site-content-layout":"","ast-site-content-layout":"default","site-content-style":"default","site-sidebar-style":"default","ast-global-header-display":"","ast-banner-title-visibility":"","ast-main-header-display":"","ast-hfb-above-header-display":"","ast-hfb-below-header-display":"","ast-hfb-mobile-header-display":"","site-post-title":"","ast-breadcrumbs-content":"","ast-featured-img":"","footer-sml-layout":"","ast-disable-related-posts":"","theme-transparent-header-meta":"","adv-header-id-meta":"","stick-header-meta":"","header-above-stick-meta":"","header-main-stick-meta":"","header-below-stick-meta":"","astra-migrate-meta-layouts":"set","ast-page-background-enabled":"default","ast-page-background-meta":{"desktop":{"background-color":"","background-image":"","background-repeat":"repeat","background-position":"center center","background-size":"auto","background-attachment":"scroll","background-type":"","background-media":"","overlay-type":"","overlay-color":"","overlay-opacity":"","overlay-gradient":""},"tablet":{"background-color":"","background-image":"","background-repeat":"repeat","background-position":"center center","background-size":"auto","background-attachment":"scroll","background-type":"","background-media":"","overlay-type":"","overlay-color":"","overlay-opacity":"","overlay-gradient":""},"mobile":{"background-color":"","background-image":"","background-repeat":"repeat","background-position":"center center","background-size":"auto","background-attachment":"scroll","background-type":"","background-media":"","overlay-type":"","overlay-color":"","overlay-opacity":"","overlay-gradient":""}},"ast-content-background-meta":{"desktop":{"background-color":"var(--ast-global-color-5)","background-image":"","background-repeat":"repeat","background-position":"center center","background-size":"auto","background-attachment":"scroll","background-type":"","background-media":"","overlay-type":"","overlay-color":"","overlay-opacity":"","overlay-gradient":""},"tablet":{"background-color":"var(--ast-global-color-5)","background-image":"","background-repeat":"repeat","background-position":"center center","background-size":"auto","background-attachment":"scroll","background-type":"","background-media":"","overlay-type":"","overlay-color":"","overlay-opacity":"","overlay-gradient":""},"mobile":{"background-color":"var(--ast-global-color-5)","background-image":"","background-repeat":"repeat","background-position":"center center","background-size":"auto","background-attachment":"scroll","background-type":"","background-media":"","overlay-type":"","overlay-color":"","overlay-opacity":"","overlay-gradient":""}},"footnotes":""},"class_list":["post-2279","page","type-page","status-publish","hentry"],"yoast_head":"<!-- This site is optimized with the Yoast SEO plugin v27.4 - https:\/\/yoast.com\/product\/yoast-seo-wordpress\/ -->\n<title>nem - PLJIS<\/title>\n<meta name=\"robots\" content=\"index, follow, max-snippet:-1, max-image-preview:large, max-video-preview:-1\" \/>\n<link rel=\"canonical\" href=\"https:\/\/pljis.com\/en\/nem\/\" \/>\n<meta property=\"og:locale\" content=\"en_US\" \/>\n<meta property=\"og:type\" content=\"article\" \/>\n<meta property=\"og:title\" content=\"nem - PLJIS\" \/>\n<meta property=\"og:description\" content=\"Eine Politik, die Frieden in der Ukraine,Gazastreifen und auf der ganzen Welt bringt Vorherigen Post N\u00e4chster Beitrag\" \/>\n<meta property=\"og:url\" content=\"https:\/\/pljis.com\/en\/nem\/\" \/>\n<meta property=\"og:site_name\" content=\"PLJIS\" \/>\n<meta property=\"article:modified_time\" content=\"2023-11-05T23:05:22+00:00\" \/>\n<meta name=\"twitter:card\" content=\"summary_large_image\" \/>\n<meta name=\"twitter:label1\" content=\"Est. reading time\" \/>\n\t<meta name=\"twitter:data1\" content=\"6 minutes\" \/>\n<script type=\"application\/ld+json\" class=\"yoast-schema-graph\">{\"@context\":\"https:\\\/\\\/schema.org\",\"@graph\":[{\"@type\":\"WebPage\",\"@id\":\"https:\\\/\\\/pljis.com\\\/nem\\\/\",\"url\":\"https:\\\/\\\/pljis.com\\\/nem\\\/\",\"name\":\"nem - PLJIS\",\"isPartOf\":{\"@id\":\"https:\\\/\\\/pljis.com\\\/#website\"},\"datePublished\":\"2023-11-05T10:57:53+00:00\",\"dateModified\":\"2023-11-05T23:05:22+00:00\",\"breadcrumb\":{\"@id\":\"https:\\\/\\\/pljis.com\\\/nem\\\/#breadcrumb\"},\"inLanguage\":\"en-US\",\"potentialAction\":[{\"@type\":\"ReadAction\",\"target\":[\"https:\\\/\\\/pljis.com\\\/nem\\\/\"]}]},{\"@type\":\"BreadcrumbList\",\"@id\":\"https:\\\/\\\/pljis.com\\\/nem\\\/#breadcrumb\",\"itemListElement\":[{\"@type\":\"ListItem\",\"position\":1,\"name\":\"Home\",\"item\":\"https:\\\/\\\/pljis.com\\\/\"},{\"@type\":\"ListItem\",\"position\":2,\"name\":\"nem\"}]},{\"@type\":\"WebSite\",\"@id\":\"https:\\\/\\\/pljis.com\\\/#website\",\"url\":\"https:\\\/\\\/pljis.com\\\/\",\"name\":\"PLJIS\",\"description\":\"My WordPress Blog\",\"publisher\":{\"@id\":\"https:\\\/\\\/pljis.com\\\/#organization\"},\"potentialAction\":[{\"@type\":\"SearchAction\",\"target\":{\"@type\":\"EntryPoint\",\"urlTemplate\":\"https:\\\/\\\/pljis.com\\\/?s={search_term_string}\"},\"query-input\":{\"@type\":\"PropertyValueSpecification\",\"valueRequired\":true,\"valueName\":\"search_term_string\"}}],\"inLanguage\":\"en-US\"},{\"@type\":\"Organization\",\"@id\":\"https:\\\/\\\/pljis.com\\\/#organization\",\"name\":\"PLJIS\",\"url\":\"https:\\\/\\\/pljis.com\\\/\",\"logo\":{\"@type\":\"ImageObject\",\"inLanguage\":\"en-US\",\"@id\":\"https:\\\/\\\/pljis.com\\\/#\\\/schema\\\/logo\\\/image\\\/\",\"url\":\"https:\\\/\\\/pljis.com\\\/wp-content\\\/uploads\\\/2022\\\/09\\\/cropped-logo1.png\",\"contentUrl\":\"https:\\\/\\\/pljis.com\\\/wp-content\\\/uploads\\\/2022\\\/09\\\/cropped-logo1.png\",\"width\":305,\"height\":73,\"caption\":\"PLJIS\"},\"image\":{\"@id\":\"https:\\\/\\\/pljis.com\\\/#\\\/schema\\\/logo\\\/image\\\/\"}}]}<\/script>\n<!-- \/ Yoast SEO plugin. -->","yoast_head_json":{"title":"nem - PLJIS","robots":{"index":"index","follow":"follow","max-snippet":"max-snippet:-1","max-image-preview":"max-image-preview:large","max-video-preview":"max-video-preview:-1"},"canonical":"https:\/\/pljis.com\/en\/nem\/","og_locale":"en_US","og_type":"article","og_title":"nem - PLJIS","og_description":"Eine Politik, die Frieden in der Ukraine,Gazastreifen und auf der ganzen Welt bringt Vorherigen Post N\u00e4chster Beitrag","og_url":"https:\/\/pljis.com\/en\/nem\/","og_site_name":"PLJIS","article_modified_time":"2023-11-05T23:05:22+00:00","twitter_card":"summary_large_image","twitter_misc":{"Est. reading time":"6 minutes"},"schema":{"@context":"https:\/\/schema.org","@graph":[{"@type":"WebPage","@id":"https:\/\/pljis.com\/nem\/","url":"https:\/\/pljis.com\/nem\/","name":"nem - PLJIS","isPartOf":{"@id":"https:\/\/pljis.com\/#website"},"datePublished":"2023-11-05T10:57:53+00:00","dateModified":"2023-11-05T23:05:22+00:00","breadcrumb":{"@id":"https:\/\/pljis.com\/nem\/#breadcrumb"},"inLanguage":"en-US","potentialAction":[{"@type":"ReadAction","target":["https:\/\/pljis.com\/nem\/"]}]},{"@type":"BreadcrumbList","@id":"https:\/\/pljis.com\/nem\/#breadcrumb","itemListElement":[{"@type":"ListItem","position":1,"name":"Home","item":"https:\/\/pljis.com\/"},{"@type":"ListItem","position":2,"name":"nem"}]},{"@type":"WebSite","@id":"https:\/\/pljis.com\/#website","url":"https:\/\/pljis.com\/","name":"PLJIS","description":"My WordPress Blog","publisher":{"@id":"https:\/\/pljis.com\/#organization"},"potentialAction":[{"@type":"SearchAction","target":{"@type":"EntryPoint","urlTemplate":"https:\/\/pljis.com\/?s={search_term_string}"},"query-input":{"@type":"PropertyValueSpecification","valueRequired":true,"valueName":"search_term_string"}}],"inLanguage":"en-US"},{"@type":"Organization","@id":"https:\/\/pljis.com\/#organization","name":"PLJIS","url":"https:\/\/pljis.com\/","logo":{"@type":"ImageObject","inLanguage":"en-US","@id":"https:\/\/pljis.com\/#\/schema\/logo\/image\/","url":"https:\/\/pljis.com\/wp-content\/uploads\/2022\/09\/cropped-logo1.png","contentUrl":"https:\/\/pljis.com\/wp-content\/uploads\/2022\/09\/cropped-logo1.png","width":305,"height":73,"caption":"PLJIS"},"image":{"@id":"https:\/\/pljis.com\/#\/schema\/logo\/image\/"}}]}},"_links":{"self":[{"href":"https:\/\/pljis.com\/en\/wp-json\/wp\/v2\/pages\/2279","targetHints":{"allow":["GET"]}}],"collection":[{"href":"https:\/\/pljis.com\/en\/wp-json\/wp\/v2\/pages"}],"about":[{"href":"https:\/\/pljis.com\/en\/wp-json\/wp\/v2\/types\/page"}],"author":[{"embeddable":true,"href":"https:\/\/pljis.com\/en\/wp-json\/wp\/v2\/users\/1"}],"replies":[{"embeddable":true,"href":"https:\/\/pljis.com\/en\/wp-json\/wp\/v2\/comments?post=2279"}],"version-history":[{"count":16,"href":"https:\/\/pljis.com\/en\/wp-json\/wp\/v2\/pages\/2279\/revisions"}],"predecessor-version":[{"id":2305,"href":"https:\/\/pljis.com\/en\/wp-json\/wp\/v2\/pages\/2279\/revisions\/2305"}],"wp:attachment":[{"href":"https:\/\/pljis.com\/en\/wp-json\/wp\/v2\/media?parent=2279"}],"curies":[{"name":"wp","href":"https:\/\/api.w.org\/{rel}","templated":true}]}}